{"id":78,"date":"2017-12-12T11:24:21","date_gmt":"2017-12-12T15:24:21","guid":{"rendered":"http:\/\/ayuntamiento.guineo\/transparencia\/?page_id=78"},"modified":"2021-06-22T23:33:08","modified_gmt":"2021-06-23T03:33:08","slug":"definicion-oaim-oficina-de-acceso-a-la-informacion-municipal","status":"publish","type":"page","link":"https:\/\/ayuntamientocambita.gob.do\/transparencia\/definicion-oaim-oficina-de-acceso-a-la-informacion-municipal\/","title":{"rendered":"Definici\u00f3n OAIM (Oficina de Acceso a la Informaci\u00f3n Municipal)"},"content":{"rendered":"<p>El Ayuntamiento Municipal de Cambita, en cumplimiento de la Ley 200-04, o Ley de Acceso a la Informaci\u00f3n P\u00fablica, pone en l\u00ednea y a disposici\u00f3n\u00a0 la Oficina de Acceso a la Informaci\u00f3n P\u00fablica para hacer consultas o solicitar informaci\u00f3n.<\/p>\n<p>Esta Ley\u00a0 fue aprobada el 28 de Julio de 2004 y su objetivo es garantizar el derecho de toda persona a solicitar y recibir informaci\u00f3n efectiva, veraz y oportuna sobre todos los actos y actividades de los organismos y entidades centralizados, descentralizados, aut\u00e1rquicos, incluyendo tanto el Poder Ejecutivo como el Judicial.<\/p>\n<blockquote><p><strong>Visi\u00f3n<\/strong><\/p><\/blockquote>\n<p>Dar sost\u00e9n a los valores de honestidad, integridad, eficiencia, eficacia, calidad y trabajo en equipo del Ayuntamiento Municipal de Cambita, apoyando as\u00ed los esfuerzos de transparencia institucional.<\/p>\n<blockquote><p><strong>Misi\u00f3n<\/strong><\/p><\/blockquote>\n<p>Garantizar el acceso de los usuarios a la informaci\u00f3n sobre la gesti\u00f3n del Ayuntamiento Munciapl de Cambita, como una forma de validar la transparencia de la instituci\u00f3n.<\/p>\n<blockquote><p><strong>RAI<\/strong><\/p><\/blockquote>\n<p>El Responsable de Acceso a la Informaci\u00f3n, es el responsable de tramitar y facilitar las informaciones requeridas y de ser el canal de comunicaci\u00f3n entre la instituci\u00f3n, ciudadanos y ciudadanas.<\/p>\n<p><strong>Responsable de Acceso a la Informaci\u00f3n (OAI):<\/strong><\/p>\n<p>Sr. Esmelyn R. Garabitos Dom\u00ednguez<br \/>\nTel\u00e9fono: 829-364-9953<br \/>\nE-mail: ayuntamientodecambita@gmail.com<\/p>\n<p><strong>\u00a0<\/strong><\/p>\n<blockquote><p><strong>Proceso de Solicitud de Informaci\u00f3n:<\/strong><\/p><\/blockquote>\n<ul>\n<li>Completar el formulario de solicitud de informaci\u00f3n.<\/li>\n<li>Se procede a la revisi\u00f3n de dicho documento con la finalidad de verificar que est\u00e1 debidamente completada.<\/li>\n<li>Se hace entrega de acuse de la solicitud al solicitante.<\/li>\n<li>Seg\u00fan la complejidad de la informaci\u00f3n, se asigna una fecha de entrega.<\/li>\n<li>En caso de no ser la C\u00e1mara de Cuentas de la Rep\u00fablica la entidad competente para ofrecer la informaci\u00f3n requerida, dicha solicitud se refiere a la instituci\u00f3n correspondiente y se le informa al solicitante, el curso que ha tomado su solicitud y la instituci\u00f3n destinataria.<\/li>\n<li>Seguimiento de la(s) solicitud(es) hasta confirmar que se ha sumistrado la informaci\u00f3n.<\/li>\n<\/ul>\n","protected":false},"excerpt":{"rendered":"El Ayuntamiento Municipal de Cambita, en cumplimiento de la Ley 200-04, o Ley de Acceso a la Informaci\u00f3n P\u00fablica, pone en l\u00ednea y a disposici\u00f3n\u00a0 la Oficina de Acceso a la Informaci\u00f3n P\u00fablica para hacer consultas o solicitar informaci\u00f3n. Esta Ley\u00a0 fue aprobada el 28 de Julio de 2004 y su objetivo es garantizar el&#8230;","protected":false},"author":1,"featured_media":0,"parent":0,"menu_order":0,"comment_status":"closed","ping_status":"closed","template":"","meta":[],"acf":[],"_links":{"self":[{"href":"https:\/\/ayuntamientocambita.gob.do\/transparencia\/wp-json\/wp\/v2\/pages\/78"}],"collection":[{"href":"https:\/\/ayuntamientocambita.gob.do\/transparencia\/wp-json\/wp\/v2\/pages"}],"about":[{"href":"https:\/\/ayuntamientocambita.gob.do\/transparencia\/wp-json\/wp\/v2\/types\/page"}],"author":[{"embeddable":true,"href":"https:\/\/ayuntamientocambita.gob.do\/transparencia\/wp-json\/wp\/v2\/users\/1"}],"replies":[{"embeddable":true,"href":"https:\/\/ayuntamientocambita.gob.do\/transparencia\/wp-json\/wp\/v2\/comments?post=78"}],"version-history":[{"count":6,"href":"https:\/\/ayuntamientocambita.gob.do\/transparencia\/wp-json\/wp\/v2\/pages\/78\/revisions"}],"predecessor-version":[{"id":479,"href":"https:\/\/ayuntamientocambita.gob.do\/transparencia\/wp-json\/wp\/v2\/pages\/78\/revisions\/479"}],"wp:attachment":[{"href":"https:\/\/ayuntamientocambita.gob.do\/transparencia\/wp-json\/wp\/v2\/media?parent=78"}],"curies":[{"name":"wp","href":"https:\/\/api.w.org\/{rel}","templated":true}]}}